{"id":3240,"date":"2025-07-07T09:04:01","date_gmt":"2025-07-07T07:04:01","guid":{"rendered":"https:\/\/carobna-pot.si\/?page_id=3240"},"modified":"2026-04-25T21:43:41","modified_gmt":"2026-04-25T19:43:41","slug":"programi-za-izboljsanje-spolnosti","status":"publish","type":"page","link":"https:\/\/carobna-pot.si\/?page_id=3240","title":{"rendered":"\u201c\u017denska, ki \u010duti\u201d"},"content":{"rendered":"<p>[et_pb_section fb_built=&#8221;1&#8243; fullwidth=&#8221;on&#8221; next_background_color=&#8221;#ffb356&#8243; _builder_version=&#8221;4.16&#8243; bottom_divider_style=&#8221;slant&#8221; bottom_divider_flip=&#8221;horizontal&#8221; global_colors_info=&#8221;{}&#8221;][et_pb_fullwidth_header title=&#8221;Razre\u0161i blokade v spolnosti&#8221; subhead=&#8221;Program \u017eenska, ki \u010duti, odpre vrata do spro\u0161\u010dene in izpopolnjujo\u010de spolnosti&#8221; text_orientation=&#8221;center&#8221; background_overlay_color=&#8221;rgba(52,81,104,0.8)&#8221; _builder_version=&#8221;4.27.4&#8243; title_font=&#8221;Lato|700|||||||&#8221; title_font_size=&#8221;46px&#8221; title_line_height=&#8221;1.5em&#8221; content_font=&#8221;Lato||||||||&#8221; content_font_size=&#8221;20px&#8221; content_line_height=&#8221;1.8em&#8221; subhead_font=&#8221;Lato|700|||||||&#8221; subhead_font_size=&#8221;25px&#8221; subhead_line_height=&#8221;1.5em&#8221; background_color=&#8221;#afafaf&#8221; background_image=&#8221;http:\/\/carobna-pot.si\/wp-content\/uploads\/2024\/06\/closeup-laughing-couple-touching-foreheads.jpg&#8221; custom_margin=&#8221;|||&#8221; custom_padding=&#8221;5vw||150px||false&#8221; animation_style=&#8221;slide&#8221; animation_direction=&#8221;top&#8221; animation_intensity_slide=&#8221;2%&#8221; title_font_size_tablet=&#8221;36px&#8221; title_font_size_phone=&#8221;&#8221; title_font_size_last_edited=&#8221;on|phone&#8221; global_colors_info=&#8221;{}&#8221; button_one_text_size__hover_enabled=&#8221;off&#8221; button_two_text_size__hover_enabled=&#8221;off&#8221; button_one_text_color__hover_enabled=&#8221;off&#8221; button_two_text_color__hover_enabled=&#8221;off&#8221; button_one_border_width__hover_enabled=&#8221;off&#8221; button_two_border_width__hover_enabled=&#8221;off&#8221; button_one_border_color__hover_enabled=&#8221;off&#8221; button_two_border_color__hover_enabled=&#8221;off&#8221; button_one_border_radius__hover_enabled=&#8221;off&#8221; button_two_border_radius__hover_enabled=&#8221;off&#8221; button_one_letter_spacing__hover_enabled=&#8221;off&#8221; button_two_letter_spacing__hover_enabled=&#8221;off&#8221; button_one_bg_color__hover_enabled=&#8221;off&#8221; button_two_bg_color__hover_enabled=&#8221;off&#8221;]<\/p>\n<p>Naj vaju sanjska spolnost vodi v nove dimenzije partnerskega odnosa &#8230;<\/p>\n<p>[\/et_pb_fullwidth_header][\/et_pb_section][et_pb_section fb_built=&#8221;1&#8243; next_background_color=&#8221;#ffffff&#8221; admin_label=&#8221;Quote&#8221; _builder_version=&#8221;4.16&#8243; background_color=&#8221;#ffb356&#8243; custom_padding=&#8221;||150px||false&#8221; bottom_divider_style=&#8221;slant&#8221; bottom_divider_flip=&#8221;horizontal&#8221; global_colors_info=&#8221;{}&#8221;][et_pb_row _builder_version=&#8221;4.27.4&#8243; global_colors_info=&#8221;{}&#8221;][et_pb_column type=&#8221;4_4&#8243; _builder_version=&#8221;4.16&#8243; custom_padding=&#8221;|||&#8221; global_colors_info=&#8221;{}&#8221; custom_padding__hover=&#8221;|||&#8221;][et_pb_text _builder_version=&#8221;4.27.4&#8243; text_font=&#8221;Lobster|700|||||||&#8221; text_text_color=&#8221;#ffffff&#8221; text_font_size=&#8221;47px&#8221; header_font=&#8221;||||||||&#8221; text_orientation=&#8221;center&#8221; max_width=&#8221;800px&#8221; module_alignment=&#8221;center&#8221; text_font_size_tablet=&#8221;36px&#8221; text_font_size_phone=&#8221;26px&#8221; text_font_size_last_edited=&#8221;on|phone&#8221; global_colors_info=&#8221;{}&#8221;]<\/p>\n<p>Spolnost ni te\u017eava, ki jo je treba popraviti \u2013<\/p>\n<p>\u00a0je pot do tebe.<\/p>\n<p>[\/et_pb_text][\/et_pb_column][\/et_pb_row][\/et_pb_section][et_pb_section fb_built=&#8221;1&#8243; next_background_color=&#8221;#f5f5f5&#8243; admin_label=&#8221;About Me&#8221; _builder_version=&#8221;4.16&#8243; background_color=&#8221;#ffffff&#8221; custom_padding=&#8221;||150px||false|false&#8221; bottom_divider_style=&#8221;slant&#8221; bottom_divider_flip=&#8221;horizontal&#8221; global_colors_info=&#8221;{}&#8221;][et_pb_row column_structure=&#8221;1_2,1_2&#8243; _builder_version=&#8221;4.16&#8243; global_colors_info=&#8221;{}&#8221;][et_pb_column type=&#8221;1_2&#8243; _builder_version=&#8221;4.16&#8243; custom_padding=&#8221;|||&#8221; global_colors_info=&#8221;{}&#8221; custom_padding__hover=&#8221;|||&#8221;][et_pb_text _builder_version=&#8221;4.27.4&#8243; text_font=&#8221;Lato||||||||&#8221; text_font_size=&#8221;18px&#8221; text_line_height=&#8221;1.8em&#8221; link_font=&#8221;||||||||&#8221; ul_font=&#8221;||||||||&#8221; ol_font=&#8221;||||||||&#8221; quote_font=&#8221;||||||||&#8221; header_font=&#8221;||||||||&#8221; header_2_font=&#8221;Lato|700|||||||&#8221; header_2_font_size=&#8221;30px&#8221; header_2_letter_spacing=&#8221;1px&#8221; header_2_line_height=&#8221;1.5em&#8221; animation_style=&#8221;slide&#8221; animation_direction=&#8221;bottom&#8221; animation_intensity_slide=&#8221;5%&#8221; header_2_font_size_tablet=&#8221;&#8221; header_2_font_size_phone=&#8221;22px&#8221; header_2_font_size_last_edited=&#8221;on|phone&#8221; global_colors_info=&#8221;{}&#8221;]<\/p>\n<p><strong><span style=\"font-size: x-large;\">Nazaj k sebi. Nazaj k svojemu telesu<\/span><em>.<\/em><\/strong><\/p>\n<p>Draga \u017eenska,<br \/>\u010de si se zna\u0161la v \u010dasu, ko tvoja spolnost ne \u017eari\u2026<br \/>\u010de \u010duti\u0161, da tvoje telo ne sledi tvoji du\u0161i,<br \/>\u010de ti bli\u017eina povzro\u010da nelagodje ali zaprtost,<br \/>\u010de seks pogosto do\u017eivlja\u0161 kot dol\u017enost \u2013<br \/>ali si \u017eeli\u0161 ve\u010d, pa ne ve\u0161, kako priti tja\u2026<\/p>\n<p>Vabim te v <strong>intimni, varen prostor preobrazbe<\/strong> \u2013<br \/>kamor lahko prinese\u0161 svojo ranljivost, zamrznjenost, sram ali ti\u0161ino.<\/p>\n<p><em>Nisi sama. In nisi pokvarjena. Samo oddaljena od sebe.<\/em><\/p>\n<p>[\/et_pb_text][et_pb_button button_url=&#8221;http:\/\/eepurl.com\/dnhLb1&#8243; url_new_window=&#8221;on&#8221; button_text=&#8221;Rezerviraj brezpla\u010dni uvodni pogovor&#8221; button_alignment=&#8221;center&#8221; _builder_version=&#8221;4.27.4&#8243; custom_button=&#8221;on&#8221; button_text_size=&#8221;14px&#8221; button_text_color=&#8221;#ffffff&#8221; button_bg_color=&#8221;#ffb356&#8243; button_border_width=&#8221;12px&#8221; button_border_color=&#8221;#ffb356&#8243; button_border_radius=&#8221;50px&#8221; button_letter_spacing=&#8221;2px&#8221; button_font=&#8221;Lato|900||on|||||&#8221; button_icon=&#8221;&#x24;||divi||400&#8243; custom_margin=&#8221;30px||30px||true&#8221; custom_margin_tablet=&#8221;|0vw||0vw||true&#8221; custom_margin_last_edited=&#8221;off|desktop&#8221; custom_padding=&#8221;|||&#8221; locked=&#8221;off&#8221; global_colors_info=&#8221;{}&#8221; button_text_size__hover_enabled=&#8221;off&#8221; button_one_text_size__hover_enabled=&#8221;off&#8221; button_two_text_size__hover_enabled=&#8221;off&#8221; button_text_color__hover_enabled=&#8221;off&#8221; button_one_text_color__hover_enabled=&#8221;off&#8221; button_two_text_color__hover_enabled=&#8221;off&#8221; button_border_width__hover_enabled=&#8221;off&#8221; button_one_border_width__hover_enabled=&#8221;off&#8221; button_two_border_width__hover_enabled=&#8221;off&#8221; button_border_color__hover_enabled=&#8221;off&#8221; button_one_border_color__hover_enabled=&#8221;off&#8221; button_two_border_color__hover_enabled=&#8221;off&#8221; button_border_radius__hover_enabled=&#8221;off&#8221; button_one_border_radius__hover_enabled=&#8221;off&#8221; button_two_border_radius__hover_enabled=&#8221;off&#8221; button_letter_spacing__hover_enabled=&#8221;off&#8221; button_one_letter_spacing__hover_enabled=&#8221;off&#8221; button_two_letter_spacing__hover_enabled=&#8221;off&#8221; button_bg_color__hover_enabled=&#8221;off&#8221; button_one_bg_color__hover_enabled=&#8221;off&#8221; button_two_bg_color__hover_enabled=&#8221;off&#8221;][\/et_pb_button][\/et_pb_column][et_pb_column type=&#8221;1_2&#8243; _builder_version=&#8221;4.16&#8243; custom_padding=&#8221;|||&#8221; global_colors_info=&#8221;{}&#8221; custom_padding__hover=&#8221;|||&#8221;][et_pb_text _builder_version=&#8221;4.27.4&#8243; text_font=&#8221;Lato||||||||&#8221; text_font_size=&#8221;18px&#8221; text_line_height=&#8221;1.8em&#8221; link_font=&#8221;||||||||&#8221; ul_font=&#8221;||||||||&#8221; ol_font=&#8221;||||||||&#8221; quote_font=&#8221;||||||||&#8221; header_font=&#8221;||||||||&#8221; header_2_font=&#8221;Lato|700|||||||&#8221; header_2_font_size=&#8221;30px&#8221; header_2_letter_spacing=&#8221;1px&#8221; header_2_line_height=&#8221;1.5em&#8221; animation_style=&#8221;slide&#8221; animation_direction=&#8221;bottom&#8221; animation_intensity_slide=&#8221;5%&#8221; header_2_font_size_tablet=&#8221;&#8221; header_2_font_size_phone=&#8221;22px&#8221; header_2_font_size_last_edited=&#8221;on|phone&#8221; locked=&#8221;off&#8221; global_colors_info=&#8221;{}&#8221;]<\/p>\n<p><span style=\"font-size: x-large;\"><strong>Prepoznava in reprogramiranje podzavestnih blokad in prepri\u010danj<\/strong><\/span><\/p>\n<p>[\/et_pb_text][et_pb_blurb title=&#8221;Osvobajanje notranjih blokad&#8221; use_icon=&#8221;on&#8221; font_icon=&#8221;&#xe052;||divi||400&#8243; icon_color=&#8221;#ffb356&#8243; icon_placement=&#8221;left&#8221; image_icon_width=&#8221;22px&#8221; content_max_width=&#8221;1100px&#8221; _builder_version=&#8221;4.27.4&#8243; header_font=&#8221;Lato|700|||||||&#8221; header_font_size=&#8221;16px&#8221; header_line_height=&#8221;1.4em&#8221; body_font=&#8221;||||||||&#8221; custom_margin=&#8221;|||&#8221; animation_style=&#8221;slide&#8221; animation_direction=&#8221;bottom&#8221; animation_intensity_slide=&#8221;5%&#8221; icon_font_size=&#8221;22px&#8221; locked=&#8221;off&#8221; inline_fonts=&#8221;Arial,Arima&#8221; global_colors_info=&#8221;{}&#8221;]<\/p>\n<h3><span style=\"font-family: inherit; font-size: medium; font-weight: normal;\">gre za podzavestne blokade, ki te v spolnosti bremzajo, da se ne more\u0161 povsem sprostiti in sebi ter tvojemu partnerju dovoliti, da enostavno si in v tistem trenutku v celoti u\u017eiva\u0161. Tako vajina spolnost ostaja povpre\u010dna, ni\u010d posebnega, skoraj pa\u010d le zato, ker mora biti.\u00a0<\/span><\/h3>\n<p>[\/et_pb_blurb][et_pb_blurb title=&#8221;Pove\u010dana \u010dutnost in povezanost s telesom&#8221; use_icon=&#8221;on&#8221; font_icon=&#8221;&#xe052;||divi||400&#8243; icon_color=&#8221;#ffb356&#8243; icon_placement=&#8221;left&#8221; image_icon_width=&#8221;22px&#8221; content_max_width=&#8221;1100px&#8221; _builder_version=&#8221;4.27.4&#8243; header_font=&#8221;Lato|700|||||||&#8221; header_font_size=&#8221;16px&#8221; header_line_height=&#8221;1.4em&#8221; body_font=&#8221;||||||||&#8221; custom_margin=&#8221;|||&#8221; animation_style=&#8221;slide&#8221; animation_direction=&#8221;bottom&#8221; animation_intensity_slide=&#8221;5%&#8221; icon_font_size=&#8221;22px&#8221; locked=&#8221;off&#8221; global_colors_info=&#8221;{}&#8221;]<\/p>\n<h2><span style=\"font-size: medium;\">skupaj bova sprostili napetosti iz telesa, razvozlali korenine zaprtosti (preko hipnoterapije, regresije ali pogovora, prebujali tvojo notranjo \u017eenstvenost, aktivirali tvojo energijsko mo\u010d in stik z maternico in ne\u017eno stopali nazaj&#8230;. v \u010dutnost, prisotnost, odprtost. <\/span><span style=\"font-size: medium;\"><\/span><\/h2>\n<h2><span style=\"font-size: medium;\"><em>Tvoja spolnost ni funkcija. Je svet templja tvoje du\u0161e.<\/em><\/span><br \/><span style=\"font-size: medium;\">In tja te vodim, po\u010dasi, ne\u017eno, s so\u010dutjem.<\/span><\/h2>\n<p>&nbsp;<\/p>\n<p>[\/et_pb_blurb][et_pb_blurb title=&#8221;Komu je program namenjen?&#8221; use_icon=&#8221;on&#8221; font_icon=&#8221;&#xe052;||divi||400&#8243; icon_color=&#8221;#ffb356&#8243; icon_placement=&#8221;left&#8221; image_icon_width=&#8221;22px&#8221; content_max_width=&#8221;1100px&#8221; _builder_version=&#8221;4.27.4&#8243; header_font=&#8221;Lato|700|||||||&#8221; header_font_size=&#8221;16px&#8221; header_line_height=&#8221;1.4em&#8221; body_font=&#8221;||||||||&#8221; custom_margin=&#8221;|||&#8221; animation_style=&#8221;slide&#8221; animation_direction=&#8221;bottom&#8221; animation_intensity_slide=&#8221;5%&#8221; icon_font_size=&#8221;22px&#8221; locked=&#8221;off&#8221; global_colors_info=&#8221;{}&#8221;]<\/p>\n<h3><span style=\"font-size: large;\">\u017eenskam, ki so do\u017eivele blokade v spolnosti, ki ne \u010dutijo ve\u010d \u017eelje ali u\u017eitka, ki \u017eelijo zaceliti travme, zlorabe ali potla\u010deno jezo, ki hrepenijo po stikih, a jih je strah bli\u017eine, \u017eenskam, ki si \u017eelijo ve\u010d kot le &#8220;seks&#8221; ampak globoko ljube\u010do izku\u0161njo<\/span><\/h3>\n<p>[\/et_pb_blurb][et_pb_blurb title=&#8221;Ob\u010dutek svobode in notranjega miru&#8221; use_icon=&#8221;on&#8221; font_icon=&#8221;&#xe052;||divi||400&#8243; icon_color=&#8221;#ffb356&#8243; icon_placement=&#8221;left&#8221; image_icon_width=&#8221;22px&#8221; content_max_width=&#8221;1100px&#8221; _builder_version=&#8221;4.27.4&#8243; header_font=&#8221;Lato|700|||||||&#8221; header_font_size=&#8221;16px&#8221; header_line_height=&#8221;1.4em&#8221; body_font=&#8221;||||||||&#8221; custom_margin=&#8221;|||&#8221; animation_style=&#8221;slide&#8221; animation_direction=&#8221;bottom&#8221; animation_intensity_slide=&#8221;5%&#8221; icon_font_size=&#8221;22px&#8221; locked=&#8221;off&#8221; global_colors_info=&#8221;{}&#8221;]<\/p>\n<h3><span style=\"font-size: large;\">Namesto ob\u010dutkov krivde, sramu ali \u00bbmoram biti popolna\u00ab, se vzpostavijo nova, podpirajo\u010da notranja sporo\u010dila. Spolnost za\u010dne temeljiti na sprejemanju, igrivosti in zaupanju. Ko sprostite notranje napetosti in strahove, nastopi globok ob\u010dutek olaj\u0161anja. Spolnost postane nekaj naravnega, spro\u0161\u010denega in prijetnega. Va\u0161e telo in srce kon\u010dno zadihata v svojem ritmu.<\/span><\/h3>\n<p>[\/et_pb_blurb][\/et_pb_column][\/et_pb_row][\/et_pb_section][et_pb_section fb_built=&#8221;1&#8243; admin_label=&#8221;Approach&#8221; _builder_version=&#8221;4.16&#8243; background_color=&#8221;#f5f5f5&#8243; custom_padding=&#8221;54px|0px|54px|0px|false|false&#8221; global_colors_info=&#8221;{}&#8221;][et_pb_row column_structure=&#8221;1_2,1_2&#8243; use_custom_gutter=&#8221;on&#8221; gutter_width=&#8221;1&#8243; _builder_version=&#8221;4.16&#8243; min_height=&#8221;926.7px&#8221; custom_margin=&#8221;|||&#8221; global_colors_info=&#8221;{}&#8221;][et_pb_column type=&#8221;1_2&#8243; _builder_version=&#8221;4.16&#8243; custom_padding=&#8221;|||&#8221; custom_padding_tablet=&#8221;|40px||40px||true&#8221; custom_padding_last_edited=&#8221;off|desktop&#8221; global_colors_info=&#8221;{}&#8221; padding_tablet=&#8221;|40px||40px||true&#8221; padding_last_edited=&#8221;off|desktop&#8221; custom_padding__hover=&#8221;|||&#8221;][et_pb_button button_url=&#8221;http:\/\/eepurl.com\/dnhLb1&#8243; url_new_window=&#8221;on&#8221; button_text=&#8221;Rezerviraj brezpla\u010dni uvodni pogovor&#8221; button_alignment=&#8221;center&#8221; _builder_version=&#8221;4.27.4&#8243; custom_button=&#8221;on&#8221; button_text_size=&#8221;14px&#8221; button_text_color=&#8221;#ffffff&#8221; button_bg_color=&#8221;#ffb356&#8243; button_border_width=&#8221;12px&#8221; button_border_color=&#8221;#ffb356&#8243; button_border_radius=&#8221;50px&#8221; button_letter_spacing=&#8221;2px&#8221; button_font=&#8221;Lato|900||on|||||&#8221; button_icon=&#8221;&#x24;||divi||400&#8243; custom_margin=&#8221;30px||30px||true&#8221; custom_margin_tablet=&#8221;|0vw||0vw||true&#8221; custom_margin_last_edited=&#8221;off|desktop&#8221; custom_padding=&#8221;|||&#8221; locked=&#8221;off&#8221; global_colors_info=&#8221;{}&#8221; button_text_size__hover_enabled=&#8221;off&#8221; button_one_text_size__hover_enabled=&#8221;off&#8221; button_two_text_size__hover_enabled=&#8221;off&#8221; button_text_color__hover_enabled=&#8221;off&#8221; button_one_text_color__hover_enabled=&#8221;off&#8221; button_two_text_color__hover_enabled=&#8221;off&#8221; button_border_width__hover_enabled=&#8221;off&#8221; button_one_border_width__hover_enabled=&#8221;off&#8221; button_two_border_width__hover_enabled=&#8221;off&#8221; button_border_color__hover_enabled=&#8221;off&#8221; button_one_border_color__hover_enabled=&#8221;off&#8221; button_two_border_color__hover_enabled=&#8221;off&#8221; button_border_radius__hover_enabled=&#8221;off&#8221; button_one_border_radius__hover_enabled=&#8221;off&#8221; button_two_border_radius__hover_enabled=&#8221;off&#8221; button_letter_spacing__hover_enabled=&#8221;off&#8221; button_one_letter_spacing__hover_enabled=&#8221;off&#8221; button_two_letter_spacing__hover_enabled=&#8221;off&#8221; button_bg_color__hover_enabled=&#8221;off&#8221; button_one_bg_color__hover_enabled=&#8221;off&#8221; button_two_bg_color__hover_enabled=&#8221;off&#8221;][\/et_pb_button][et_pb_text _builder_version=&#8221;4.16&#8243; text_font=&#8221;Lato||||||||&#8221; text_font_size=&#8221;18px&#8221; text_line_height=&#8221;1.8em&#8221; link_font=&#8221;||||||||&#8221; ul_font=&#8221;||||||||&#8221; ol_font=&#8221;||||||||&#8221; quote_font=&#8221;||||||||&#8221; header_font=&#8221;||||||||&#8221; header_2_font=&#8221;Lato|700|||||||&#8221; header_2_font_size=&#8221;40px&#8221; header_2_letter_spacing=&#8221;1px&#8221; header_2_line_height=&#8221;1.5em&#8221; header_3_font=&#8221;||||||||&#8221; header_4_font=&#8221;||||||||&#8221; header_5_font=&#8221;||||||||&#8221; header_6_font=&#8221;Lato|700|||||||&#8221; header_6_font_size=&#8221;18px&#8221; header_6_letter_spacing=&#8221;1px&#8221; header_6_line_height=&#8221;1.8em&#8221; background_color=&#8221;#ffffff&#8221; min_height=&#8221;714.6px&#8221; custom_margin=&#8221;40px|||&#8221; custom_margin_tablet=&#8221;0px|0px|0px|&#8221; custom_margin_phone=&#8221;&#8221; custom_margin_last_edited=&#8221;on|phone&#8221; custom_padding=&#8221;40px|40px|40px|40px|true|true&#8221; custom_padding_tablet=&#8221;|40px||40px||true&#8221; custom_padding_last_edited=&#8221;off|desktop&#8221; animation_style=&#8221;slide&#8221; animation_direction=&#8221;bottom&#8221; animation_intensity_slide=&#8221;5%&#8221; header_2_font_size_tablet=&#8221;&#8221; header_2_font_size_phone=&#8221;22px&#8221; header_2_font_size_last_edited=&#8221;on|phone&#8221; global_colors_info=&#8221;{}&#8221;]<\/p>\n<h2>Kako poteka program?<\/h2>\n<ul>\n<li>\n<h3><span style=\"font-size: medium;\">1:1 svetovanje (online ali v \u017eivo)<\/span><\/h3>\n<\/li>\n<li>\n<h3><span style=\"font-size: medium;\">5 sre\u010danj po 60 min<\/span><\/h3>\n<\/li>\n<li>\n<h3><span style=\"font-size: medium;\">vklju\u010duje: energijsko podporo, hipnoterapijo, intuitivno sporo\u010dilo tvoje du\u0161e preko Aka\u0161kih zapisov, hipnomeditacije<\/span><\/h3>\n<\/li>\n<li>\n<h3><span style=\"font-size: medium;\">BONUS: osebna meditacija za stik z maternico ali notranjo ljubimko<\/span><\/h3>\n<\/li>\n<li>\n<p><strong>Cema 444 EUR<\/strong> (mo\u017enost pla\u010dila v 2 obrokih)<br \/>vklju\u010duje vse materiale in podporo med sre\u010danji<\/p>\n<p>&nbsp;<\/p>\n<\/li>\n<\/ul>\n<p>[\/et_pb_text][\/et_pb_column][et_pb_column type=&#8221;1_2&#8243; _builder_version=&#8221;4.16&#8243; custom_padding=&#8221;|||&#8221; global_colors_info=&#8221;{}&#8221; custom_padding__hover=&#8221;|||&#8221;][et_pb_image src=&#8221;http:\/\/carobna-pot.si\/wp-content\/uploads\/2017\/03\/765A8884-KON\u010cNA.jpg&#8221; title_text=&#8221;765A8884-KON\u010cNA&#8221; align_tablet=&#8221;center&#8221; align_phone=&#8221;center&#8221; align_last_edited=&#8221;on|desktop&#8221; _builder_version=&#8221;4.27.4&#8243; custom_margin=&#8221;|||&#8221; custom_margin_tablet=&#8221;0px|0px|0px|0px|true|true&#8221; custom_margin_last_edited=&#8221;off|desktop&#8221; animation_style=&#8221;slide&#8221; animation_direction=&#8221;top&#8221; animation_intensity_slide=&#8221;5%&#8221; animation=&#8221;top&#8221; global_colors_info=&#8221;{}&#8221;][\/et_pb_image][\/et_pb_column][\/et_pb_row][\/et_pb_section]<\/p>\n","protected":false},"excerpt":{"rendered":"<p>Naj vaju sanjska spolnost vodi v nove dimenzije partnerskega odnosa &#8230;Spolnost ni te\u017eava, ki jo je treba popraviti \u2013 \u00a0je pot do tebe.Nazaj k sebi. Nazaj k svojemu telesu. Draga \u017eenska,\u010de si se zna\u0161la v \u010dasu, ko tvoja spolnost ne \u017eari\u2026\u010de \u010duti\u0161, da tvoje telo ne sledi tvoji du\u0161i,\u010de ti bli\u017eina povzro\u010da nelagodje ali zaprtost,\u010de [&hellip;]<\/p>\n","protected":false},"author":1,"featured_media":0,"parent":0,"menu_order":0,"comment_status":"closed","ping_status":"closed","template":"","meta":{"_et_pb_use_builder":"on","_et_pb_old_content":"","_et_gb_content_width":"","footnotes":""},"_links":{"self":[{"href":"https:\/\/carobna-pot.si\/index.php?rest_route=\/wp\/v2\/pages\/3240"}],"collection":[{"href":"https:\/\/carobna-pot.si\/index.php?rest_route=\/wp\/v2\/pages"}],"about":[{"href":"https:\/\/carobna-pot.si\/index.php?rest_route=\/wp\/v2\/types\/page"}],"author":[{"embeddable":true,"href":"https:\/\/carobna-pot.si\/index.php?rest_route=\/wp\/v2\/users\/1"}],"replies":[{"embeddable":true,"href":"https:\/\/carobna-pot.si\/index.php?rest_route=%2Fwp%2Fv2%2Fcomments&post=3240"}],"version-history":[{"count":30,"href":"https:\/\/carobna-pot.si\/index.php?rest_route=\/wp\/v2\/pages\/3240\/revisions"}],"predecessor-version":[{"id":4241,"href":"https:\/\/carobna-pot.si\/index.php?rest_route=\/wp\/v2\/pages\/3240\/revisions\/4241"}],"wp:attachment":[{"href":"https:\/\/carobna-pot.si\/index.php?rest_route=%2Fwp%2Fv2%2Fmedia&parent=3240"}],"curies":[{"name":"wp","href":"https:\/\/api.w.org\/{rel}","templated":true}]}}