{"id":4225,"date":"2026-04-25T17:53:47","date_gmt":"2026-04-25T15:53:47","guid":{"rendered":"https:\/\/carobna-pot.si\/?page_id=4225"},"modified":"2026-04-25T17:53:48","modified_gmt":"2026-04-25T15:53:48","slug":"kompas-tedna","status":"publish","type":"page","link":"https:\/\/carobna-pot.si\/?page_id=4225","title":{"rendered":"Kompas tedna"},"content":{"rendered":"\n<figure class=\"wp-block-image size-full\"><a href=\"https:\/\/carobna-pot.si\/wp-content\/uploads\/2026\/04\/Tvoj-tedenski-kompas.png\"><img loading=\"lazy\" decoding=\"async\" width=\"1024\" height=\"1024\" src=\"https:\/\/carobna-pot.si\/wp-content\/uploads\/2026\/04\/Tvoj-tedenski-kompas.png\" alt=\"\" class=\"wp-image-4227\" srcset=\"https:\/\/carobna-pot.si\/wp-content\/uploads\/2026\/04\/Tvoj-tedenski-kompas.png 1024w, https:\/\/carobna-pot.si\/wp-content\/uploads\/2026\/04\/Tvoj-tedenski-kompas-980x980.png 980w, https:\/\/carobna-pot.si\/wp-content\/uploads\/2026\/04\/Tvoj-tedenski-kompas-480x480.png 480w\" sizes=\"(min-width: 0px) and (max-width: 480px) 480px, (min-width: 481px) and (max-width: 980px) 980px, (min-width: 981px) 1024px, 100vw\" \/><\/a><\/figure>\n\n\n\n<p><strong>Tvoj Lunin teden \u2013 osebni vpogled<\/strong><\/p>\n<p>Vsak teden Luna odpira druga\u010dne ob\u010dutke, vpra\u0161anja in notranje premike.\u00a0Morda to \u017ee zazna\u0161\u2026ampak ni vedno jasno, kaj to pomeni zate osebno.\u00a0Zato ti lahko pripravim kratek vpogled, kjer pogledam, kako se trenutni Lunin cikel odra\u017ea v tvoji karti.<\/p>\n<h2>V vpogledu prejme\u0161:<\/h2>\n<p>\u2013 kratko razlago tvojega tedna (kako se bo\u0161 verjetno po\u010dutila)<br \/>\u2013 kje se odpira prostor za akcijo<br \/>\u2013 kje je bolje upo\u010dasniti<br \/>\u2013 1\u20132 konkretni usmeritvi za teden<br \/>\u2013 refleksijsko vpra\u0161anje<\/p>\n<h2><strong>Komu je namenjeno<\/strong><\/h2>\n<p>Za tebe, \u010de:<br \/>\u2013 \u010duti\u0161, da si v nekem prehodu<br \/>\u2013 i\u0161\u010de\u0161 ve\u010d jasnosti<br \/>\u2013 \u017eeli\u0161 bolj razumeti svoj notranji ritem<\/p>\n<h2><strong>Kaj potrebujem od tebe<\/strong><\/h2>\n<p>Za vpogled mi po\u0161lje\u0161:<br \/>\u2013 datum rojstva<br \/>\u2013 uro rojstva<br \/>\u2013 kraj rojstva<\/p>\n<h2><strong>Cena<\/strong><\/h2>\n<p><strong>27\u20ac (pisni vpogled)<\/strong>\u00a0<\/p>\n<p>\u010ce za\u010duti\u0161, da \u017eeli\u0161 bolj oseben vpogled v svoj teden, mi lahko napi\u0161e\u0161 na mail <strong>nadjaluk@gmail.com<\/strong> ali odda\u0161 podatke spodaj.\u00a0Z veseljem pogledam zate.\u00a0<\/p>\n","protected":false},"excerpt":{"rendered":"<p>Tvoj Lunin teden \u2013 osebni vpogled Vsak teden Luna odpira druga\u010dne ob\u010dutke, vpra\u0161anja in notranje premike.\u00a0Morda to \u017ee zazna\u0161\u2026ampak ni vedno jasno, kaj to pomeni zate osebno.\u00a0Zato ti lahko pripravim kratek vpogled, kjer pogledam, kako se trenutni Lunin cikel odra\u017ea v tvoji karti. V vpogledu prejme\u0161: \u2013 kratko razlago tvojega tedna (kako se bo\u0161 verjetno [&hellip;]<\/p>\n","protected":false},"author":1,"featured_media":0,"parent":0,"menu_order":0,"comment_status":"closed","ping_status":"closed","template":"","meta":{"_et_pb_use_builder":"off","_et_pb_old_content":"","_et_gb_content_width":"","footnotes":""},"_links":{"self":[{"href":"https:\/\/carobna-pot.si\/index.php?rest_route=\/wp\/v2\/pages\/4225"}],"collection":[{"href":"https:\/\/carobna-pot.si\/index.php?rest_route=\/wp\/v2\/pages"}],"about":[{"href":"https:\/\/carobna-pot.si\/index.php?rest_route=\/wp\/v2\/types\/page"}],"author":[{"embeddable":true,"href":"https:\/\/carobna-pot.si\/index.php?rest_route=\/wp\/v2\/users\/1"}],"replies":[{"embeddable":true,"href":"https:\/\/carobna-pot.si\/index.php?rest_route=%2Fwp%2Fv2%2Fcomments&post=4225"}],"version-history":[{"count":1,"href":"https:\/\/carobna-pot.si\/index.php?rest_route=\/wp\/v2\/pages\/4225\/revisions"}],"predecessor-version":[{"id":4228,"href":"https:\/\/carobna-pot.si\/index.php?rest_route=\/wp\/v2\/pages\/4225\/revisions\/4228"}],"wp:attachment":[{"href":"https:\/\/carobna-pot.si\/index.php?rest_route=%2Fwp%2Fv2%2Fmedia&parent=4225"}],"curies":[{"name":"wp","href":"https:\/\/api.w.org\/{rel}","templated":true}]}}