{"id":4232,"date":"2026-04-25T21:27:17","date_gmt":"2026-04-25T19:27:17","guid":{"rendered":"https:\/\/carobna-pot.si\/?page_id=4232"},"modified":"2026-04-25T21:27:18","modified_gmt":"2026-04-25T19:27:18","slug":"zvezdna-astrologija","status":"publish","type":"page","link":"https:\/\/carobna-pot.si\/?page_id=4232","title":{"rendered":"Zvezdna astrologija"},"content":{"rendered":"\n<figure class=\"wp-block-image size-full\"><a href=\"https:\/\/carobna-pot.si\/wp-content\/uploads\/2026\/04\/hf2wVUJdbewQNNS0ceGE-0-0JmgK.webp\"><img loading=\"lazy\" decoding=\"async\" width=\"1024\" height=\"1024\" src=\"https:\/\/carobna-pot.si\/wp-content\/uploads\/2026\/04\/hf2wVUJdbewQNNS0ceGE-0-0JmgK.webp\" alt=\"\" class=\"wp-image-4237\"\/><\/a><\/figure>\n\n\n\n\n\n<section class=\"text-token-text-primary w-full focus:outline-none [--shadow-height:45px] has-data-writing-block:pointer-events-none has-data-writing-block:-mt-(--shadow-height) has-data-writing-block:pt-(--shadow-height) [&amp;:has([data-writing-block])&gt;*]:pointer-events-auto [content-visibility:auto] supports-[content-visibility:auto]:[contain-intrinsic-size:auto_100lvh] R6Vx5W_threadScrollVars scroll-mb-[calc(var(--scroll-root-safe-area-inset-bottom,0px)+var(--thread-response-height))] scroll-mt-[calc(var(--header-height)+min(200px,max(70px,20svh)))]\" dir=\"auto\" data-turn-id=\"request-WEB:c01828a0-d0b2-47d3-a30e-7afa07b4d934-8\" data-testid=\"conversation-turn-2\" data-scroll-anchor=\"false\" data-turn=\"assistant\">\n<div class=\"text-base my-auto mx-auto [--thread-content-margin:var(--thread-content-margin-xs,calc(var(--spacing)*4))] @w-sm\/main:[--thread-content-margin:var(--thread-content-margin-sm,calc(var(--spacing)*6))] @w-lg\/main:[--thread-content-margin:var(--thread-content-margin-lg,calc(var(--spacing)*16))] px-(--thread-content-margin)\">\n<div class=\"[--thread-content-max-width:40rem] @w-lg\/main:[--thread-content-max-width:48rem] mx-auto max-w-(--thread-content-max-width) flex-1 group\/turn-messages focus-visible:outline-hidden relative flex w-full min-w-0 flex-col agent-turn\">\n<div class=\"flex max-w-full flex-col gap-4 grow\">\n<div class=\"min-h-8 text-message relative flex w-full flex-col items-end gap-2 text-start break-words whitespace-normal outline-none keyboard-focused:focus-ring [.text-message+&amp;]:mt-1\" dir=\"auto\" data-message-author-role=\"assistant\" data-message-id=\"bae50d72-cb9e-4660-8b84-a91551b82238\" data-message-model-slug=\"gpt-5-3\">\n<div class=\"flex w-full flex-col gap-1 empty:hidden\">\n<div class=\"markdown prose dark:prose-invert w-full wrap-break-word light markdown-new-styling\">\n<h2 data-section-id=\"1i4oilt\" data-start=\"275\" data-end=\"348\">Zvezdna astrologija \u2013 intuitivno vodenje skozi tvojo \u017eivljenjsko pot<\/h2>\n<p data-start=\"350\" data-end=\"481\">Zvezdna astrologija je sodoben, poglobljen pristop, ki temelji na starodavnem znanju vedske Jyotish astrologije, vendar ga \u0161e nadgradi. Planeti so le izhodi\u0161\u010de \u2013 ne kon\u010dni odgovor.<\/p>\n<p data-start=\"535\" data-end=\"772\">S pomo\u010djo intuitivnega vpogleda in povezave z Aka\u0161ko knji\u017enico odpiram prostor, kjer lahko vidi\u0161 globlje,<br data-start=\"640\" data-end=\"643\" \/>kaj se v resnici dogaja v tvojem \u017eivljenju, \u00a0zakaj se dolo\u010deni vzorci ponavljajo, in kako lahko naredi\u0161 premik naprej.\u00a0To ni klasi\u010dno astrolo\u0161ko branje. To je osebno, intuitivno in transformativno svetovanje.<\/p>\n<hr data-start=\"867\" data-end=\"870\" \/>\n<h2 data-section-id=\"1dyew82\" data-start=\"872\" data-end=\"897\">Kaj lahko pridobi\u0161?<\/h2>\n<p data-start=\"899\" data-end=\"978\">Vsako svetovanje je usmerjeno v razumevanje in razre\u0161evanje konkretnih izzivov.<\/p>\n<p data-start=\"980\" data-end=\"997\">Skupaj osvetliva:<\/p>\n<ul data-start=\"998\" data-end=\"1314\">\n<li data-section-id=\"1xubliu\" data-start=\"998\" data-end=\"1042\">tvojo <strong data-start=\"1006\" data-end=\"1040\">osebnost in notranji potencial<\/strong><\/li>\n<li data-section-id=\"18kowau\" data-start=\"1043\" data-end=\"1081\"><strong data-start=\"1045\" data-end=\"1071\">\u017eivljenjsko poslanstvo<\/strong> in smer<\/li>\n<li data-section-id=\"smnbt\" data-start=\"1082\" data-end=\"1139\"><strong data-start=\"1084\" data-end=\"1119\">dru\u017einske vzorce in prepri\u010danja<\/strong>, ki te oblikujejo in ki te ovirajo\u00a0<\/li>\n<li data-section-id=\"1hptv4i\" data-start=\"1140\" data-end=\"1186\"><strong data-start=\"1142\" data-end=\"1152\">odnose in izzive v <\/strong>partnerstvu, dru\u017eini, okolici<\/li>\n<li data-section-id=\"1atfyiq\" data-start=\"1187\" data-end=\"1225\"><strong data-start=\"1189\" data-end=\"1223\">kariero, delo in finan\u010dne poti<\/strong><\/li>\n<li data-section-id=\"1ur0fnb\" data-start=\"1226\" data-end=\"1264\"><strong data-start=\"1228\" data-end=\"1262\">zdravje in notranje ravnovesje<\/strong><\/li>\n<li data-section-id=\"e0j1d1\" data-start=\"1265\" data-end=\"1314\">tvoje <strong data-start=\"1273\" data-end=\"1312\">izzive \u2013 in predvsem njihove vzroke<\/strong><\/li>\n<\/ul>\n<p data-start=\"1316\" data-end=\"1402\">Najpomembneje &#8211; ne ostaneva pri razlagi \u2014 dobi\u0161 tudi <strong data-start=\"1370\" data-end=\"1401\">jasne smernice, kako naprej<\/strong>.<\/p>\n<hr data-start=\"1404\" data-end=\"1407\" \/>\n<h2 data-section-id=\"7wcxyl\" data-start=\"1409\" data-end=\"1438\">Kako poteka svetovanje?<\/h2>\n<ul data-start=\"1440\" data-end=\"1618\">\n<li data-section-id=\"198m5yy\" data-start=\"1440\" data-end=\"1481\">pogled v tvojo rojstno karto (osnova)<\/li>\n<li data-section-id=\"9ynuwj\" data-start=\"1482\" data-end=\"1523\">intuitivno branje iz Aka\u0161ke knji\u017enice<\/li>\n<li data-section-id=\"2qfiqh\" data-start=\"1524\" data-end=\"1572\">razkrivanje globljih vzrokov tvojih situacij<\/li>\n<li data-section-id=\"ry8g48\" data-start=\"1573\" data-end=\"1618\">konkretni uvidi in usmeritve za spremembo<\/li>\n<\/ul>\n<p data-start=\"1620\" data-end=\"1717\">Gre za kombinacijo znanja, izku\u0161enj in mo\u010dne intuicije, ki ustvari <strong data-start=\"1687\" data-end=\"1716\">celostno sliko tvoje poti<\/strong>.<\/p>\n<hr data-start=\"1719\" data-end=\"1722\" \/>\n<h2 data-section-id=\"1l9yeq0\" data-start=\"1724\" data-end=\"1745\">???? Izku\u0161nje strank<\/h2>\n<p data-start=\"1747\" data-end=\"1974\"><strong data-start=\"1747\" data-end=\"1766\">Marjana Korotaj<\/strong><br data-start=\"1766\" data-end=\"1769\" \/>\u201cNajbolj me je navdu\u0161ilo, da Nadica djoti\u0161 podaja na poseben na\u010din \u2013 z veliko intuicije in dodatnega znanja. Svetovanje je celostno in zelo globoko. Dalo mi je \u0161ir\u0161e razumevanje sebe in mojega poslanstva.\u201d<\/p>\n<p data-start=\"1976\" data-end=\"2123\"><strong data-start=\"1976\" data-end=\"1987\">Andreja<\/strong><br data-start=\"1987\" data-end=\"1990\" \/>\u201cIzjemno hvale\u017ena za tako globoko intuitivno branje. Dobila sem jasne, konkretne smernice in potrditev. Sedaj to\u010dno vem, kam naprej.\u201d<\/p>\n<p data-start=\"2125\" data-end=\"2282\"><strong data-start=\"2125\" data-end=\"2139\">Irena Zorc<\/strong><br data-start=\"2139\" data-end=\"2142\" \/>\u201cVsaki\u010d, ko poslu\u0161am posnetek, sli\u0161im nekaj novega. Pomagalo mi je prese\u010di strahove in narediti pomemben korak. Neizmerno sem ponosna nase.\u201d<\/p>\n<p data-start=\"2284\" data-end=\"2404\"><strong data-start=\"2284\" data-end=\"2293\">Mojca<\/strong><br data-start=\"2293\" data-end=\"2296\" \/>\u201cPoseben, oseben pristop in mo\u010dna kombinacija znanja ter izku\u0161enj. To te ne pusti ravnodu\u0161nega. Nadica zna!\u201d<\/p>\n<p data-start=\"2406\" data-end=\"2494\"><strong data-start=\"2406\" data-end=\"2417\">Stranka<\/strong><br data-start=\"2417\" data-end=\"2420\" \/>\u201cTo, kar ste naredili zame, ne more popla\u010dati noben denar. Hvala iz srca.\u201d<\/p>\n<p data-start=\"2496\" data-end=\"2583\"><strong data-start=\"2496\" data-end=\"2507\">Stranka<\/strong><br data-start=\"2507\" data-end=\"2510\" \/>\u201cRazjasnila mi je ogromno stvari in mi dala nov zagon. Hvale\u017ena do neba.\u201d<\/p>\n<hr data-start=\"2585\" data-end=\"2588\" \/>\n<h2 data-section-id=\"5iidi0\" data-start=\"2590\" data-end=\"2630\">Zakaj izbrati Zvezdno astrologijo?<\/h2>\n<p data-start=\"2632\" data-end=\"2700\">Ker ne i\u0161\u010de\u0161 samo odgovorov. I\u0161\u010de\u0161 razumevanje, smer in spremembo.<\/p>\n<p data-start=\"2702\" data-end=\"2777\">Tukaj ne dobi\u0161 napovedi \u2013 dobi\u0161 <strong data-start=\"2734\" data-end=\"2776\">vpogled in mo\u010d, da oblikuje\u0161 svojo pot<\/strong>.<\/p>\n<hr data-start=\"2779\" data-end=\"2782\" \/><\/div>\n<\/div>\n<\/div>\n<\/div>\n<\/div>\n<\/div>\n<\/section>\n<section class=\"text-token-text-primary w-full focus:outline-none [--shadow-height:45px] has-data-writing-block:pointer-events-none has-data-writing-block:-mt-(--shadow-height) has-data-writing-block:pt-(--shadow-height) [&amp;:has([data-writing-block])&gt;*]:pointer-events-auto [content-visibility:auto] supports-[content-visibility:auto]:[contain-intrinsic-size:auto_100lvh] R6Vx5W_threadScrollVars scroll-mb-[calc(var(--scroll-root-safe-area-inset-bottom,0px)+var(--thread-response-height))] scroll-mt-[calc(var(--header-height)+min(200px,max(70px,20svh)))]\" dir=\"auto\" data-turn-id=\"request-WEB:c01828a0-d0b2-47d3-a30e-7afa07b4d934-9\" data-testid=\"conversation-turn-4\" data-scroll-anchor=\"false\" data-turn=\"assistant\">\n<div class=\"text-base my-auto mx-auto pb-10 [--thread-content-margin:var(--thread-content-margin-xs,calc(var(--spacing)*4))] @w-sm\/main:[--thread-content-margin:var(--thread-content-margin-sm,calc(var(--spacing)*6))] @w-lg\/main:[--thread-content-margin:var(--thread-content-margin-lg,calc(var(--spacing)*16))] px-(--thread-content-margin)\">\n<div class=\"[--thread-content-max-width:40rem] @w-lg\/main:[--thread-content-max-width:48rem] mx-auto max-w-(--thread-content-max-width) flex-1 group\/turn-messages focus-visible:outline-hidden relative flex w-full min-w-0 flex-col agent-turn\">\n<div class=\"flex max-w-full flex-col gap-4 grow\">\n<div class=\"min-h-8 text-message relative flex w-full flex-col items-end gap-2 text-start break-words whitespace-normal outline-none keyboard-focused:focus-ring [.text-message+&amp;]:mt-1\" dir=\"auto\" tabindex=\"0\" data-message-author-role=\"assistant\" data-message-id=\"eecb0308-427a-49a9-9902-72798ca83821\" data-message-model-slug=\"gpt-5-3\" data-turn-start-message=\"true\">\n<div class=\"flex w-full flex-col gap-1 empty:hidden\">\n<div class=\"markdown prose dark:prose-invert w-full wrap-break-word light markdown-new-styling\">\n<p data-start=\"173\" data-end=\"235\">\u00a0<\/p>\n<h2 data-section-id=\"bj2y9m\" data-start=\"242\" data-end=\"259\">Na\u010din dela<\/h2>\n<p data-start=\"261\" data-end=\"309\">Vsako svetovanje je individualno in poglobljeno.\u00a0Pred sre\u010danjem se najprej temeljito posvetim tvoji rojstni karti in pripravim vpoglede, ki jih nato dodatno nadgradim z intuitivnim branjem.\u00a0Sledi <strong data-start=\"459\" data-end=\"496\">osebno sre\u010danje preko video klica<\/strong>, ki traja pribli\u017eno <strong data-start=\"517\" data-end=\"535\">60 do 90 minut<\/strong>.<\/p>\n<p data-start=\"538\" data-end=\"552\">Med pogovorom:<\/p>\n<ul data-start=\"553\" data-end=\"682\">\n<li data-section-id=\"4e51dk\" data-start=\"553\" data-end=\"608\">skupaj odpira prostor za razumevanje tvojih izzivov<\/li>\n<li data-section-id=\"1birqs5\" data-start=\"609\" data-end=\"643\">prejme\u0161 jasne uvide in razlage<\/li>\n<li data-section-id=\"otk5kh\" data-start=\"644\" data-end=\"682\">dobi\u0161 konkretne smernice za naprej<\/li>\n<\/ul>\n<p data-start=\"684\" data-end=\"872\">Celotno svetovanje je tudi <strong data-start=\"711\" data-end=\"722\">posneto<\/strong>, da se lahko kasneje vrne\u0161 k informacijam in jih poslu\u0161a\u0161 v svojem ritmu \u2013 pogosto se namre\u010d zgodi, da ob ponovnem poslu\u0161anju odkrije\u0161 \u0161e nove uvide.<\/p>\n<hr data-start=\"874\" data-end=\"877\" \/>\n<h2 data-section-id=\"2g0b7y\" data-start=\"879\" data-end=\"902\">Nadaljevanje poti<\/h2>\n<p data-start=\"904\" data-end=\"986\">Za nekatere je en vpogled dovolj. Za druge je to za\u010detek globlje transformacije.<\/p>\n<p data-start=\"988\" data-end=\"1126\">\u010ce za\u010duti\u0161, da \u017eeli\u0161 resni\u010dno narediti premik in ne ostati samo pri razumevanju, te lahko povabim v <strong data-start=\"1088\" data-end=\"1112\">3-mese\u010dno mentorstvo<\/strong>, kjer skupaj:<\/p>\n<ul data-start=\"1127\" data-end=\"1248\">\n<li data-section-id=\"1swaues\" data-start=\"1127\" data-end=\"1156\">razgrajujeva stare vzorce<\/li>\n<li data-section-id=\"tdn779\" data-start=\"1157\" data-end=\"1194\">delava konkretne korake spremembe<\/li>\n<li data-section-id=\"18ipje1\" data-start=\"1195\" data-end=\"1248\">te podpiram skozi proces, ne samo v enem trenutku<\/li>\n<\/ul>\n<p data-start=\"1250\" data-end=\"1330\">To ni obvezno nadaljevanje, ampak mo\u017enost za tiste, ki so pripravljeni iti dlje.<\/p>\n<hr data-start=\"1332\" data-end=\"1335\" \/>\n<h2 data-section-id=\"1pb156b\" data-start=\"1337\" data-end=\"1354\">Investicija<\/h2>\n<p data-start=\"1356\" data-end=\"1485\"><strong data-start=\"1356\" data-end=\"1415\">Zvezdna astrologija \u2013 intuitivno svetovanje (60\u201390 min)<\/strong><br data-start=\"1415\" data-end=\"1418\" \/>vklju\u010duje pripravo, individualno branje, video klic in posnetek<\/p>\n<p data-start=\"1487\" data-end=\"1518\"><strong data-start=\"1487\" data-end=\"1518\">Cena: od 133\u20ac do 199\u20ac<\/strong><\/p>\n<hr data-start=\"1520\" data-end=\"1523\" \/>\n<p data-start=\"1837\" data-end=\"1912\">Za astrolo\u0161ko svetovanje pi\u0161i na nadajluk@gmail.com<\/p>\n<\/div>\n<\/div>\n<\/div>\n<\/div>\n<\/div>\n<\/div>\n<\/section>\n","protected":false},"excerpt":{"rendered":"<p>Zvezdna astrologija \u2013 intuitivno vodenje skozi tvojo \u017eivljenjsko pot Zvezdna astrologija je sodoben, poglobljen pristop, ki temelji na starodavnem znanju vedske Jyotish astrologije, vendar ga \u0161e nadgradi. Planeti so le izhodi\u0161\u010de \u2013 ne kon\u010dni odgovor. S pomo\u010djo intuitivnega vpogleda in povezave z Aka\u0161ko knji\u017enico odpiram prostor, kjer lahko vidi\u0161 globlje,kaj se v resnici dogaja v [&hellip;]<\/p>\n","protected":false},"author":1,"featured_media":0,"parent":0,"menu_order":0,"comment_status":"closed","ping_status":"closed","template":"","meta":{"_et_pb_use_builder":"off","_et_pb_old_content":"","_et_gb_content_width":"","footnotes":""},"_links":{"self":[{"href":"https:\/\/carobna-pot.si\/index.php?rest_route=\/wp\/v2\/pages\/4232"}],"collection":[{"href":"https:\/\/carobna-pot.si\/index.php?rest_route=\/wp\/v2\/pages"}],"about":[{"href":"https:\/\/carobna-pot.si\/index.php?rest_route=\/wp\/v2\/types\/page"}],"author":[{"embeddable":true,"href":"https:\/\/carobna-pot.si\/index.php?rest_route=\/wp\/v2\/users\/1"}],"replies":[{"embeddable":true,"href":"https:\/\/carobna-pot.si\/index.php?rest_route=%2Fwp%2Fv2%2Fcomments&post=4232"}],"version-history":[{"count":1,"href":"https:\/\/carobna-pot.si\/index.php?rest_route=\/wp\/v2\/pages\/4232\/revisions"}],"predecessor-version":[{"id":4238,"href":"https:\/\/carobna-pot.si\/index.php?rest_route=\/wp\/v2\/pages\/4232\/revisions\/4238"}],"wp:attachment":[{"href":"https:\/\/carobna-pot.si\/index.php?rest_route=%2Fwp%2Fv2%2Fmedia&parent=4232"}],"curies":[{"name":"wp","href":"https:\/\/api.w.org\/{rel}","templated":true}]}}