{"id":498,"date":"2017-08-11T10:37:18","date_gmt":"2017-08-11T10:37:18","guid":{"rendered":"http:\/\/nadicalukman.carobna-pot.si\/?page_id=498"},"modified":"2026-04-26T15:58:48","modified_gmt":"2026-04-26T13:58:48","slug":"individualno-mentorstvo","status":"publish","type":"page","link":"https:\/\/carobna-pot.si\/?page_id=498","title":{"rendered":"Individualno mentorstvo"},"content":{"rendered":"<p>[et_pb_section fb_built=&#8221;1&#8243; admin_label=&#8221;Section&#8221; _builder_version=&#8221;4.16&#8243; custom_padding=&#8221;21.575px|0px|0px|0px&#8221; transparent_background=&#8221;off&#8221; make_fullwidth=&#8221;off&#8221; use_custom_width=&#8221;off&#8221; width_unit=&#8221;off&#8221; custom_width_px=&#8221;1080px&#8221; custom_width_percent=&#8221;80%&#8221; global_colors_info=&#8221;{}&#8221;][et_pb_row admin_label=&#8221;Row&#8221; _builder_version=&#8221;4.16&#8243; background_size=&#8221;initial&#8221; background_position=&#8221;top_left&#8221; background_repeat=&#8221;repeat&#8221; custom_padding=&#8221;10.7875px|0px|0px|0px&#8221; make_fullwidth=&#8221;off&#8221; use_custom_width=&#8221;off&#8221; width_unit=&#8221;off&#8221; custom_width_px=&#8221;1080px&#8221; custom_width_percent=&#8221;80%&#8221; global_colors_info=&#8221;{}&#8221;][et_pb_column type=&#8221;4_4&#8243; _builder_version=&#8221;4.16&#8243; custom_padding=&#8221;|||&#8221; global_colors_info=&#8221;{}&#8221; custom_padding__hover=&#8221;|||&#8221;][et_pb_image src=&#8221;http:\/\/carobna-pot.si\/wp-content\/uploads\/2026\/04\/Transormacijsko-mentorstvo.png&#8221; title_text=&#8221;Transormacijsko mentorstvo&#8221; align_tablet=&#8221;center&#8221; align_phone=&#8221;center&#8221; align_last_edited=&#8221;on|desktop&#8221; admin_label=&#8221;Image&#8221; _builder_version=&#8221;4.27.4&#8243; animation_style=&#8221;slide&#8221; animation_direction=&#8221;left&#8221; animation_duration=&#8221;500ms&#8221; animation_intensity_slide=&#8221;10%&#8221; sticky=&#8221;off&#8221; use_border_color=&#8221;off&#8221; border_color=&#8221;#ffffff&#8221; border_width=&#8221;1px&#8221; border_style=&#8221;solid&#8221; always_center_on_mobile=&#8221;on&#8221; global_colors_info=&#8221;{}&#8221;][\/et_pb_image][\/et_pb_column][\/et_pb_row][\/et_pb_section][et_pb_section fb_built=&#8221;1&#8243; specialty=&#8221;on&#8221; admin_label=&#8221;section&#8221; _builder_version=&#8221;4.16&#8243; custom_padding=&#8221;0px|0px|21.575px|0px&#8221; transparent_background=&#8221;off&#8221; make_fullwidth=&#8221;off&#8221; use_custom_width=&#8221;off&#8221; width_unit=&#8221;off&#8221; custom_width_px=&#8221;1080px&#8221; custom_width_percent=&#8221;80%&#8221; global_colors_info=&#8221;{}&#8221;][et_pb_column type=&#8221;3_4&#8243; specialty_columns=&#8221;3&#8243; _builder_version=&#8221;4.16&#8243; custom_padding=&#8221;|||&#8221; global_colors_info=&#8221;{}&#8221; custom_padding__hover=&#8221;|||&#8221;][et_pb_row_inner admin_label=&#8221;row_inner&#8221; _builder_version=&#8221;4.16&#8243; custom_padding=&#8221;19px|0px|23.725px|0px&#8221; global_colors_info=&#8221;{}&#8221;][et_pb_column_inner saved_specialty_column_type=&#8221;3_4&#8243; _builder_version=&#8221;4.16&#8243; custom_padding=&#8221;|||&#8221; global_colors_info=&#8221;{}&#8221; custom_padding__hover=&#8221;|||&#8221;][et_pb_text admin_label=&#8221;Text&#8221; _builder_version=&#8221;4.27.4&#8243; text_font=&#8221;Roboto||||&#8221; text_font_size=&#8221;18&#8243; text_line_height=&#8221;1.6em&#8221; background_size=&#8221;initial&#8221; background_position=&#8221;top_left&#8221; background_repeat=&#8221;repeat&#8221; use_border_color=&#8221;off&#8221; border_style=&#8221;solid&#8221; global_colors_info=&#8221;{}&#8221;]<\/p>\n<p><strong>Celostno intuitivno svetovanje in preobrazba<\/strong> je celosten intuitivni proces, kjer zdru\u017eujem:<\/p>\n<ul>\n<li>vedsko astrologijo (Jyotish) kot osnovo<\/li>\n<li>vpogled v Aka\u0161ke zapise<\/li>\n<li>regresijo in razre\u0161evanje vzorcev<\/li>\n<li>intuitivno delo in energijsko zaznavo<\/li>\n<li>prepoznavanje ponavljajo\u010dih se \u017eivljenjskih programov<\/li>\n<\/ul>\n<p>Namen ni le razlaga tvoje situacije \u2014 ampak <strong>premik iz vzorca v razumevanje in spremembo.<\/strong><\/p>\n<p><strong>Kaj dobi\u0161?<\/strong><\/p>\n<p>V procesu skupaj pogledava:<\/p>\n<ul>\n<li>zakaj se dolo\u010deni vzorci ponavljajo<\/li>\n<li>kje so korenine tvojih izzivov<\/li>\n<li>kako vplivajo odnosi, dru\u017eina in preteklost<\/li>\n<li>kaj te blokira v odnosih, karieri ali notranjem miru<\/li>\n<li>kaj je tvoja dejanska smer (ne samo trenutna situacija)<\/li>\n<li>kako razre\u0161iti dolo\u010dene vzorce in prepri\u010danja<\/li>\n<\/ul>\n<p><strong>Kaj je druga\u010de pri tem delu?<\/strong><\/p>\n<p>To ni klasi\u010dno svetovanje.<\/p>\n<p>Delam intuitivno in celostno \u2014 zato se proces prilagodi tebi.<br \/>V\u010dasih je fokus bolj na:<\/p>\n<ul>\n<li>\u010dustvenih vzorcih<\/li>\n<li>v\u010dasih na odnosih<\/li>\n<li>v\u010dasih na karieri<\/li>\n<li>v\u010dasih na globokih notranjih prepisih iz preteklosti<\/li>\n<\/ul>\n<p>Vedno pa gre za isto stvar:<br \/>razumevanje in preobrazbo vzroka, ne samo simptoma<\/p>\n<p><strong>Oblika sre\u010danja<\/strong><\/p>\n<ul>\n<li>priprava na tvojo karto in energijski zapis<\/li>\n<li>video klic (60\u201390 min)<\/li>\n<li>intuitivno branje + pogovor<\/li>\n<li>posnetek sre\u010danja<\/li>\n<\/ul>\n<p><strong>Za koga je to?<\/strong><\/p>\n<p>Zate, ki:<\/p>\n<ul>\n<li>se vrti\u0161 v istih vzorcih<\/li>\n<li>\u010duti\u0161, da \u201cve\u0161 ve\u010d\u201d, ampak ne zna\u0161 naprej<\/li>\n<li>\u017eeli\u0161 razumeti sebe na globlji ravni<\/li>\n<li>si pripravljena na notranjo spremembo<\/li>\n<\/ul>\n<p>&nbsp;<\/p>\n<p>[\/et_pb_text][\/et_pb_column_inner][\/et_pb_row_inner][et_pb_row_inner _builder_version=&#8221;4.27.4&#8243; _module_preset=&#8221;default&#8221; global_colors_info=&#8221;{}&#8221;][et_pb_column_inner saved_specialty_column_type=&#8221;3_4&#8243; _builder_version=&#8221;4.27.4&#8243; _module_preset=&#8221;default&#8221; global_colors_info=&#8221;{}&#8221;][et_pb_button button_url=&#8221;http:\/\/eepurl.com\/dnhLb1&#8243; button_text=&#8221;PRIJAVI   SE  NA  BREZPLA\u010cNI  UVODNI  RAZGOVOR&#8221; _builder_version=&#8221;4.27.4&#8243; _module_preset=&#8221;default&#8221; custom_button=&#8221;on&#8221; button_text_color=&#8221;#DF52FF&#8221; button_bg_color=&#8221;#D6D6D6&#8243; button_border_color=&#8221;#8300E9&#8243; hover_enabled=&#8221;0&#8243; global_colors_info=&#8221;{}&#8221; sticky_enabled=&#8221;0&#8243; button_font=&#8221;Coustard||||||||&#8221;][\/et_pb_button][\/et_pb_column_inner][\/et_pb_row_inner][et_pb_row_inner admin_label=&#8221;row_inner&#8221; _builder_version=&#8221;4.16&#8243; global_colors_info=&#8221;{}&#8221;][et_pb_column_inner saved_specialty_column_type=&#8221;3_4&#8243; _builder_version=&#8221;4.16&#8243; custom_padding=&#8221;|||&#8221; global_colors_info=&#8221;{}&#8221; custom_padding__hover=&#8221;|||&#8221;][et_pb_divider color=&#8221;#df0961&#8243; divider_weight=&#8221;1px&#8221; disabled_on=&#8221;on|on|off&#8221; admin_label=&#8221;Divider&#8221; _builder_version=&#8221;4.16&#8243; height=&#8221;3px&#8221; hide_on_mobile=&#8221;on&#8221; global_colors_info=&#8221;{}&#8221;][\/et_pb_divider][\/et_pb_column_inner][\/et_pb_row_inner][\/et_pb_column][et_pb_column type=&#8221;1_4&#8243; _builder_version=&#8221;4.16&#8243; custom_padding=&#8221;|||&#8221; global_colors_info=&#8221;{}&#8221; custom_padding__hover=&#8221;|||&#8221;][et_pb_sidebar orientation=&#8221;right&#8221; admin_label=&#8221;Sidebar&#8221; _builder_version=&#8221;4.16&#8243; global_colors_info=&#8221;{}&#8221;][\/et_pb_sidebar][\/et_pb_column][\/et_pb_section]<\/p>\n","protected":false},"excerpt":{"rendered":"<p>Celostno intuitivno svetovanje in preobrazba je celosten intuitivni proces, kjer zdru\u017eujem: vedsko astrologijo (Jyotish) kot osnovo vpogled v Aka\u0161ke zapise regresijo in razre\u0161evanje vzorcev intuitivno delo in energijsko zaznavo prepoznavanje ponavljajo\u010dih se \u017eivljenjskih programov Namen ni le razlaga tvoje situacije \u2014 ampak premik iz vzorca v razumevanje in spremembo. Kaj dobi\u0161? V procesu skupaj pogledava: [&hellip;]<\/p>\n","protected":false},"author":1,"featured_media":0,"parent":0,"menu_order":0,"comment_status":"closed","ping_status":"closed","template":"","meta":{"_et_pb_use_builder":"on","_et_pb_old_content":"","_et_gb_content_width":"","footnotes":""},"_links":{"self":[{"href":"https:\/\/carobna-pot.si\/index.php?rest_route=\/wp\/v2\/pages\/498"}],"collection":[{"href":"https:\/\/carobna-pot.si\/index.php?rest_route=\/wp\/v2\/pages"}],"about":[{"href":"https:\/\/carobna-pot.si\/index.php?rest_route=\/wp\/v2\/types\/page"}],"author":[{"embeddable":true,"href":"https:\/\/carobna-pot.si\/index.php?rest_route=\/wp\/v2\/users\/1"}],"replies":[{"embeddable":true,"href":"https:\/\/carobna-pot.si\/index.php?rest_route=%2Fwp%2Fv2%2Fcomments&post=498"}],"version-history":[{"count":54,"href":"https:\/\/carobna-pot.si\/index.php?rest_route=\/wp\/v2\/pages\/498\/revisions"}],"predecessor-version":[{"id":4264,"href":"https:\/\/carobna-pot.si\/index.php?rest_route=\/wp\/v2\/pages\/498\/revisions\/4264"}],"wp:attachment":[{"href":"https:\/\/carobna-pot.si\/index.php?rest_route=%2Fwp%2Fv2%2Fmedia&parent=498"}],"curies":[{"name":"wp","href":"https:\/\/api.w.org\/{rel}","templated":true}]}}