{"id":510,"date":"2017-08-11T10:46:29","date_gmt":"2017-08-11T10:46:29","guid":{"rendered":"http:\/\/nadicalukman.carobna-pot.si\/?page_id=510"},"modified":"2025-09-18T21:47:35","modified_gmt":"2025-09-18T19:47:35","slug":"o-meni","status":"publish","type":"page","link":"https:\/\/carobna-pot.si\/?page_id=510","title":{"rendered":"O meni"},"content":{"rendered":"<p>[et_pb_section fb_built=&#8221;1&#8243; admin_label=&#8221;Section&#8221; _builder_version=&#8221;4.16&#8243; global_colors_info=&#8221;{}&#8221;][et_pb_row admin_label=&#8221;Row&#8221; _builder_version=&#8221;4.16&#8243; background_size=&#8221;initial&#8221; background_position=&#8221;top_left&#8221; background_repeat=&#8221;repeat&#8221; global_colors_info=&#8221;{}&#8221;][et_pb_column type=&#8221;4_4&#8243; _builder_version=&#8221;4.16&#8243; custom_padding=&#8221;|||&#8221; global_colors_info=&#8221;{}&#8221; custom_padding__hover=&#8221;|||&#8221;][et_pb_image src=&#8221;http:\/\/carobna-pot.si\/wp-content\/uploads\/2017\/08\/naj-se-ti-predstavim.jpg&#8221; align_tablet=&#8221;center&#8221; align_phone=&#8221;center&#8221; align_last_edited=&#8221;on|desktop&#8221; admin_label=&#8221;Image&#8221; _builder_version=&#8221;4.16&#8243; animation_style=&#8221;slide&#8221; animation_direction=&#8221;left&#8221; animation_duration=&#8221;500ms&#8221; animation_intensity_slide=&#8221;10%&#8221; animation=&#8221;left&#8221; sticky=&#8221;off&#8221; use_border_color=&#8221;off&#8221; border_color=&#8221;#ffffff&#8221; border_style=&#8221;solid&#8221; global_colors_info=&#8221;{}&#8221;][\/et_pb_image][\/et_pb_column][\/et_pb_row][\/et_pb_section][et_pb_section fb_built=&#8221;1&#8243; specialty=&#8221;on&#8221; admin_label=&#8221;section&#8221; _builder_version=&#8221;4.16&#8243; global_colors_info=&#8221;{}&#8221;][et_pb_column type=&#8221;3_4&#8243; specialty_columns=&#8221;3&#8243; _builder_version=&#8221;4.16&#8243; custom_padding=&#8221;|||&#8221; global_colors_info=&#8221;{}&#8221; custom_padding__hover=&#8221;|||&#8221;][et_pb_row_inner admin_label=&#8221;row_inner&#8221; _builder_version=&#8221;4.16&#8243; global_colors_info=&#8221;{}&#8221;][et_pb_column_inner saved_specialty_column_type=&#8221;3_4&#8243; _builder_version=&#8221;4.16&#8243; custom_padding=&#8221;|||&#8221; global_colors_info=&#8221;{}&#8221; custom_padding__hover=&#8221;|||&#8221;][et_pb_text admin_label=&#8221;Text&#8221; _builder_version=&#8221;4.16&#8243; text_font_size=&#8221;19&#8243; text_line_height=&#8221;1.6em&#8221; background_size=&#8221;initial&#8221; background_position=&#8221;top_left&#8221; background_repeat=&#8221;repeat&#8221; use_border_color=&#8221;off&#8221; border_color=&#8221;#ffffff&#8221; border_style=&#8221;solid&#8221; global_colors_info=&#8221;{}&#8221;][\/et_pb_text][et_pb_text admin_label=&#8221;Text&#8221; _builder_version=&#8221;4.16&#8243; text_font_size=&#8221;21&#8243; text_line_height=&#8221;1.6em&#8221; background_size=&#8221;initial&#8221; background_position=&#8221;top_left&#8221; background_repeat=&#8221;repeat&#8221; use_border_color=&#8221;off&#8221; border_color=&#8221;#ffffff&#8221; border_style=&#8221;solid&#8221; inline_fonts=&#8221;Georgia&#8221; global_colors_info=&#8221;{}&#8221;]<\/p>\n<p><span style=\"color: #000000; font-family: Georgia;\">Dolga leta sem delovala kot voditeljica zelo uspe\u0161ne \u017eenitne posredovalnice. Spoznala sem stotine ljudi \u2013 vsakega s svojo zgodbo, svojimi \u017eeljami, ranami in upanjem, da bodo na\u0161li ljubezen.<\/span><\/p>\n<p>[\/et_pb_text][et_pb_text admin_label=&#8221;Text&#8221; _builder_version=&#8221;4.16&#8243; text_font_size=&#8221;18&#8243; text_line_height=&#8221;1.6em&#8221; background_size=&#8221;initial&#8221; background_position=&#8221;top_left&#8221; background_repeat=&#8221;repeat&#8221; custom_margin=&#8221;||60px|&#8221; use_border_color=&#8221;off&#8221; border_color=&#8221;#ffffff&#8221; border_style=&#8221;solid&#8221; global_colors_info=&#8221;{}&#8221;]<\/p>\n<p><span style=\"font-size: revert; color: initial;\">Skozi to delo sem se u\u010dila neposredno od \u017eivljenja.<\/span><\/p>\n<p>Videla sem, kako pogosto i\u0161\u010demo \u201epravega \u010dloveka\u201c, preden zares poznamo sebe.<br data-start=\"600\" data-end=\"603\" \/>Kako hrepenimo po bli\u017eini, a se hkrati bojimo biti zares videni. In kako pogosto ljubezen zamenjamo za potrditev.<\/p>\n<p>S\u010dasoma sem razumela globljo resnico, da se p<em data-start=\"763\" data-end=\"794\">rava zveza\u00a0 za\u010dne s seboj. <\/em>Ko pozdravimo svoje rane \u2013 predvsem tiste iz otro\u0161tva, ko si dovolimo \u010dutiti, sprejeti, odpustiti in zaceliti, \u0161ele takrat lahko v polnosti ljubimo drugega. Iz ob\u010dutka svobode, ne iz potrebe.<\/p>\n<p><strong>V<\/strong><strong>eselim se \u017eivljenja<\/strong>, ko lahko strastno uresni\u010dujem svoje \u017eivljenjsko poslanstvo in svoje talente delim z ljudmi, ki jih potrebujejo. Delujem v <span style=\"color: #008000;\"><strong>DRU\u0160TVU za osebno rast SRE\u010cNA \u017dENSKA.SI.<\/strong><\/span><\/p>\n<p>[\/et_pb_text][et_pb_text admin_label=&#8221;Text&#8221; _builder_version=&#8221;4.16&#8243; text_font_size=&#8221;16&#8243; text_line_height=&#8221;1.6em&#8221; background_size=&#8221;initial&#8221; background_position=&#8221;top_left&#8221; background_repeat=&#8221;repeat&#8221; use_border_color=&#8221;off&#8221; border_color=&#8221;#ffffff&#8221; border_style=&#8221;solid&#8221; global_colors_info=&#8221;{}&#8221;][\/et_pb_text][\/et_pb_column_inner][\/et_pb_row_inner][et_pb_row_inner column_structure=&#8221;1_2,1_2&#8243; admin_label=&#8221;row_inner&#8221; _builder_version=&#8221;4.16&#8243; global_colors_info=&#8221;{}&#8221;][et_pb_column_inner type=&#8221;1_2&#8243; saved_specialty_column_type=&#8221;3_4&#8243; _builder_version=&#8221;4.16&#8243; custom_padding=&#8221;|||&#8221; global_colors_info=&#8221;{}&#8221; custom_padding__hover=&#8221;|||&#8221;][et_pb_text admin_label=&#8221;Text&#8221; _builder_version=&#8221;4.16&#8243; text_font_size=&#8221;16&#8243; text_line_height=&#8221;1.6em&#8221; background_size=&#8221;initial&#8221; background_position=&#8221;top_left&#8221; background_repeat=&#8221;repeat&#8221; use_border_color=&#8221;off&#8221; border_color=&#8221;#ffffff&#8221; border_style=&#8221;solid&#8221; global_colors_info=&#8221;{}&#8221;]<\/p>\n<p data-start=\"988\" data-end=\"1238\">Danes svojo pot nadaljujem druga\u010de. Svoje izku\u0161nje sem nadgradila\u00a0 kot vedska astrologinja in hipnoterapevtka. Vodim \u017eenske nazaj k sebi \u2013<br data-start=\"1053\" data-end=\"1056\" \/>da odkrijejo, kje se skrivajo njihovi vzorci v ljubezni, u\u010dim jih na\u010dina, da ozdravijo notranje rane, da se znajo povezati\u00a0 s svojim partnerjem in da ustvarijo ljubezen, ki bo globoka, zavestna in resni\u010dna.<\/p>\n<p data-start=\"570\" data-end=\"776\">Ponujam celostno podporo: \u010dustveno, energijsko in odnosno. Povezujem ljudi \u2013 s sabo, s svojimi potenciali in drug z drugim. Verjamem, da vsakdo zaslu\u017ei ljubezen, notranji mir in prilo\u017enost za lepo in harmoni\u010dno partnerstvo.<\/p>\n<p data-start=\"778\" data-end=\"893\">\u010ce i\u0161\u010dete iskreno podporo, nov pogled, pogum za spremembo ali preprosto nekoga, ki verjame v vas \u2013 me \u017ee poznate :-).<\/p>\n<p>&nbsp;<\/p>\n<p>[\/et_pb_text][\/et_pb_column_inner][et_pb_column_inner type=&#8221;1_2&#8243; saved_specialty_column_type=&#8221;3_4&#8243; _builder_version=&#8221;4.16&#8243; custom_padding=&#8221;|||&#8221; global_colors_info=&#8221;{}&#8221; custom_padding__hover=&#8221;|||&#8221;][et_pb_image src=&#8221;http:\/\/carobna-pot.si\/wp-content\/uploads\/2017\/04\/manca-Nadja-2011.jpg&#8221; align_tablet=&#8221;center&#8221; align_phone=&#8221;center&#8221; align_last_edited=&#8221;on|desktop&#8221; admin_label=&#8221;Image&#8221; _builder_version=&#8221;4.16&#8243; animation_style=&#8221;slide&#8221; animation_direction=&#8221;left&#8221; animation_duration=&#8221;500ms&#8221; animation_intensity_slide=&#8221;10%&#8221; animation=&#8221;left&#8221; sticky=&#8221;off&#8221; use_border_color=&#8221;off&#8221; border_color=&#8221;#ffffff&#8221; border_style=&#8221;solid&#8221; global_colors_info=&#8221;{}&#8221;] [\/et_pb_image][et_pb_image src=&#8221;http:\/\/carobna-pot.si\/wp-content\/uploads\/2025\/07\/61646858_10214481028123630_4868658661980897280_n.jpg&#8221; title_text=&#8221;61646858_10214481028123630_4868658661980897280_n&#8221; align_tablet=&#8221;center&#8221; align_phone=&#8221;center&#8221; align_last_edited=&#8221;on|desktop&#8221; admin_label=&#8221;Image&#8221; _builder_version=&#8221;4.27.4&#8243; animation_style=&#8221;slide&#8221; animation_direction=&#8221;left&#8221; animation_duration=&#8221;500ms&#8221; animation_intensity_slide=&#8221;10%&#8221; animation=&#8221;left&#8221; sticky=&#8221;off&#8221; use_border_color=&#8221;off&#8221; border_color=&#8221;#ffffff&#8221; border_style=&#8221;solid&#8221; global_colors_info=&#8221;{}&#8221;] [\/et_pb_image][\/et_pb_column_inner][\/et_pb_row_inner][et_pb_row_inner admin_label=&#8221;Row&#8221; _builder_version=&#8221;4.16&#8243; global_colors_info=&#8221;{}&#8221;][et_pb_column_inner saved_specialty_column_type=&#8221;3_4&#8243; _builder_version=&#8221;4.16&#8243; custom_padding=&#8221;|||&#8221; global_colors_info=&#8221;{}&#8221; custom_padding__hover=&#8221;|||&#8221;][et_pb_text admin_label=&#8221;Text&#8221; _builder_version=&#8221;4.16&#8243; text_font_size=&#8221;16&#8243; background_size=&#8221;initial&#8221; background_position=&#8221;top_left&#8221; background_repeat=&#8221;repeat&#8221; use_border_color=&#8221;off&#8221; border_color=&#8221;#ffffff&#8221; border_style=&#8221;solid&#8221; global_colors_info=&#8221;{}&#8221;][\/et_pb_text][et_pb_text admin_label=&#8221;Text&#8221; _builder_version=&#8221;4.16&#8243; text_font=&#8221;|on|||&#8221; text_font_size=&#8221;24&#8243; background_size=&#8221;initial&#8221; background_position=&#8221;top_left&#8221; background_repeat=&#8221;repeat&#8221; use_border_color=&#8221;off&#8221; border_color=&#8221;#ffffff&#8221; border_style=&#8221;solid&#8221; global_colors_info=&#8221;{}&#8221;]Moja izobra\u017eevanja:[\/et_pb_text][et_pb_text admin_label=&#8221;Text&#8221; _builder_version=&#8221;4.16&#8243; text_font_size=&#8221;16&#8243; text_line_height=&#8221;1.6em&#8221; background_size=&#8221;initial&#8221; background_position=&#8221;top_left&#8221; background_repeat=&#8221;repeat&#8221; use_border_color=&#8221;off&#8221; border_color=&#8221;#ffffff&#8221; border_style=&#8221;solid&#8221; global_colors_info=&#8221;{}&#8221;]<\/p>\n<ul>\n<li><strong>Mednarodna \u0161ola za hipnoterapeta<\/strong> &#8211; Grilc Hypnosis Training<strong><\/strong><\/li>\n<li><strong>3 leta FEEL AKADEMIJE <\/strong>(dr. \u0160pelca Morojna )<\/li>\n<li><strong>Jyoti\u0161 vedska astrologija<\/strong> (IzaQ-In\u0161titut za kvalileto \u017eivljenja Mateja Kunc)<\/li>\n<li><strong>9.mese\u010dna \u0161ola intuicije in kanaliziranja (<\/strong>Teja Melinc<strong>)<\/strong><br \/><strong><\/strong><\/li>\n<li><strong>RAR &#8211; integralna telesna psihoterapija <\/strong>(T. Kulji\u0161)<\/li>\n<li><strong>Bownova terapija<\/strong>\u00a0(Jelka Slapar, instructor Bowen Therapy Essentials)<\/li>\n<li><strong>Tui-na massage school, tujina terapevtka\u00a0<\/strong>(International society for complementary medicine Belladona)<\/li>\n<li><strong>NPK refleksoterapevtka<\/strong><\/li>\n<li><strong>NPK maserka klasi\u010dne masa\u017ee<\/strong><\/li>\n<li><strong>Osnove \u010duje\u010dnosti (<\/strong>Dru\u0161tvo za razvijanje \u010duje\u010dnosti<strong>)<\/strong><\/li>\n<li><strong>Biorgonomija<\/strong>\u00a0( Anita \u0160kof )<\/li>\n<li><strong>Horarna astrologija<\/strong> ( Ema Kurent )<\/li>\n<li><strong>te\u010daj risanja Mandal<\/strong>\u00a0 ( Marjana Kromek)<\/li>\n<\/ul>\n<p>[\/et_pb_text][\/et_pb_column_inner][\/et_pb_row_inner][\/et_pb_column][et_pb_column type=&#8221;1_4&#8243; _builder_version=&#8221;4.16&#8243; custom_padding=&#8221;|||&#8221; global_colors_info=&#8221;{}&#8221; custom_padding__hover=&#8221;|||&#8221;][et_pb_sidebar orientation=&#8221;right&#8221; admin_label=&#8221;Sidebar&#8221; _builder_version=&#8221;4.16&#8243; global_colors_info=&#8221;{}&#8221;] [\/et_pb_sidebar][\/et_pb_column][\/et_pb_section]<\/p>\n","protected":false},"excerpt":{"rendered":"<p>Dolga leta sem delovala kot voditeljica zelo uspe\u0161ne \u017eenitne posredovalnice. Spoznala sem stotine ljudi \u2013 vsakega s svojo zgodbo, svojimi \u017eeljami, ranami in upanjem, da bodo na\u0161li ljubezen.Skozi to delo sem se u\u010dila neposredno od \u017eivljenja. Videla sem, kako pogosto i\u0161\u010demo \u201epravega \u010dloveka\u201c, preden zares poznamo sebe.Kako hrepenimo po bli\u017eini, a se hkrati bojimo biti [&hellip;]<\/p>\n","protected":false},"author":1,"featured_media":0,"parent":0,"menu_order":0,"comment_status":"closed","ping_status":"closed","template":"","meta":{"_et_pb_use_builder":"on","_et_pb_old_content":"","_et_gb_content_width":"","footnotes":""},"_links":{"self":[{"href":"https:\/\/carobna-pot.si\/index.php?rest_route=\/wp\/v2\/pages\/510"}],"collection":[{"href":"https:\/\/carobna-pot.si\/index.php?rest_route=\/wp\/v2\/pages"}],"about":[{"href":"https:\/\/carobna-pot.si\/index.php?rest_route=\/wp\/v2\/types\/page"}],"author":[{"embeddable":true,"href":"https:\/\/carobna-pot.si\/index.php?rest_route=\/wp\/v2\/users\/1"}],"replies":[{"embeddable":true,"href":"https:\/\/carobna-pot.si\/index.php?rest_route=%2Fwp%2Fv2%2Fcomments&post=510"}],"version-history":[{"count":16,"href":"https:\/\/carobna-pot.si\/index.php?rest_route=\/wp\/v2\/pages\/510\/revisions"}],"predecessor-version":[{"id":3516,"href":"https:\/\/carobna-pot.si\/index.php?rest_route=\/wp\/v2\/pages\/510\/revisions\/3516"}],"wp:attachment":[{"href":"https:\/\/carobna-pot.si\/index.php?rest_route=%2Fwp%2Fv2%2Fmedia&parent=510"}],"curies":[{"name":"wp","href":"https:\/\/api.w.org\/{rel}","templated":true}]}}